{"id":12,"date":"2023-04-24T13:41:01","date_gmt":"2023-04-24T13:41:01","guid":{"rendered":"http:\/\/gokhanozbek.com\/?page_id=12"},"modified":"2023-06-25T16:09:43","modified_gmt":"2023-06-25T16:09:43","slug":"12-2","status":"publish","type":"page","link":"https:\/\/gokhanozbek.com\/","title":{"rendered":"ANASAYFA"},"content":{"rendered":"\n<div class=\"row row-collapse row-full-width align-equal align-center row-divided\"  id=\"row-1298553065\">\n\n\n\t<div id=\"col-1468718192\" class=\"col small-12 large-12\"  >\n\t\t\t\t<div class=\"col-inner\"  >\n\t\t\t\n\t\t\t\n\n\n  <div class=\"banner has-hover is-full-height\" id=\"banner-575464876\">\n          <div class=\"banner-inner fill\">\n        <div class=\"banner-bg fill\" >\n            <div class=\"bg fill bg-fill \"><\/div>\n                        <div class=\"overlay\"><\/div>            \n                    <\/div>\n\t\t\n        <div class=\"banner-layers container\">\n            <div class=\"fill banner-link\"><\/div>            \n\n   <div id=\"text-box-1641662683\" class=\"text-box banner-layer x50 md-x50 lg-x50 y50 md-y50 lg-y50 res-text\">\n                                <div class=\"text-box-content text dark\">\n              \n              <div class=\"text-inner text-center\">\n                  \n\n\t<div id=\"text-1061704456\" class=\"text\">\n\t\t\n\n<h3 class=\"uppercase\"><strong>bak\u0131m a\u015famas\u0131nday\u0131z<\/strong><\/h3>\n<p>&nbsp;<\/p>\n\t\t\n<style>\n#text-1061704456 {\n  text-align: center;\n}\n<\/style>\n\t<\/div>\n\t\n\n              <\/div>\n           <\/div>\n                            \n<style>\n#text-box-1641662683 {\n  width: 60%;\n}\n#text-box-1641662683 .text-box-content {\n  font-size: 100%;\n}\n<\/style>\n    <\/div>\n \n\n        <\/div>\n      <\/div>\n\n            \n<style>\n#banner-575464876 {\n  padding-top: 100%;\n}\n#banner-575464876 .bg.bg-loaded {\n  background-image: url(https:\/\/gokhanozbek.com\/wp-content\/uploads\/2023\/06\/Untitled-2.jpg);\n}\n#banner-575464876 .overlay {\n  background-color: rgba(0, 0, 0, 0.221);\n}\n#banner-575464876 .bg {\n  background-position: 50% 20%;\n}\n#banner-575464876 .ux-shape-divider--top svg {\n  height: 150px;\n  --divider-top-width: 100%;\n}\n#banner-575464876 .ux-shape-divider--bottom svg {\n  height: 150px;\n  --divider-width: 100%;\n}\n@media (min-width:550px) {\n  #banner-575464876 {\n    padding-top: 100%;\n  }\n  #banner-575464876 .overlay {\n    background-color: rgba(0, 0, 0, 0.512);\n  }\n}\n<\/style>\n  <\/div>\n\n\n\n\t\t<\/div>\n\t\t\t\t\t<\/div>\n\n\t\n\n<\/div>\n","protected":false},"excerpt":{"rendered":"","protected":false},"author":1,"featured_media":0,"parent":0,"menu_order":0,"comment_status":"closed","ping_status":"closed","template":"page-blank.php","meta":{"ghostkit_customizer_options":"","ghostkit_custom_css":"","ghostkit_custom_js_head":"","ghostkit_custom_js_foot":"","ghostkit_typography":"","footnotes":""},"_links":{"self":[{"href":"https:\/\/gokhanozbek.com\/index.php?rest_route=\/wp\/v2\/pages\/12"}],"collection":[{"href":"https:\/\/gokhanozbek.com\/index.php?rest_route=\/wp\/v2\/pages"}],"about":[{"href":"https:\/\/gokhanozbek.com\/index.php?rest_route=\/wp\/v2\/types\/page"}],"author":[{"embeddable":true,"href":"https:\/\/gokhanozbek.com\/index.php?rest_route=\/wp\/v2\/users\/1"}],"replies":[{"embeddable":true,"href":"https:\/\/gokhanozbek.com\/index.php?rest_route=%2Fwp%2Fv2%2Fcomments&post=12"}],"version-history":[{"count":23,"href":"https:\/\/gokhanozbek.com\/index.php?rest_route=\/wp\/v2\/pages\/12\/revisions"}],"predecessor-version":[{"id":130,"href":"https:\/\/gokhanozbek.com\/index.php?rest_route=\/wp\/v2\/pages\/12\/revisions\/130"}],"wp:attachment":[{"href":"https:\/\/gokhanozbek.com\/index.php?rest_route=%2Fwp%2Fv2%2Fmedia&parent=12"}],"curies":[{"name":"wp","href":"https:\/\/api.w.org\/{rel}","templated":true}]}}