{"id":161,"date":"2024-05-22T08:03:26","date_gmt":"2024-05-22T08:03:26","guid":{"rendered":"http:\/\/gokhanozbek.com\/?page_id=161"},"modified":"2024-05-28T12:56:42","modified_gmt":"2024-05-28T12:56:42","slug":"blog","status":"publish","type":"page","link":"https:\/\/gokhanozbek.com\/?page_id=161","title":{"rendered":"BLOG"},"content":{"rendered":"\n<div class=\"wp-block-query is-layout-flow wp-block-query-is-layout-flow\"><ul class=\"wp-block-post-template is-layout-flow wp-block-post-template-is-layout-flow\"><li class=\"wp-block-post post-192 post type-post status-publish format-standard hentry category-uncategorized\">\n<h2 class=\"wp-block-post-title\"><a href=\"https:\/\/gokhanozbek.com\/?p=192\" target=\"_self\" >T\u00fcrkiye\u2019de En \u00c7ok Tercih Edilen Prefabrik Ev Modelleri Nelerdir?<\/a><\/h2>\n\n\n\n<div class=\"wp-block-post-excerpt\"><p class=\"wp-block-post-excerpt__excerpt\">Bah\u00e7eli prefabrik evler Bah\u00e7eli prefabrik evler, do\u011fayla i\u00e7 i\u00e7e bir ya\u015fam arzulayanlar i\u00e7in m\u00fckemmel bir se\u00e7enektir. Bu evler, hem modern hem de do\u011fal bir estetik sunarak, sahiplerine huzurlu ve konforlu bir ortam sa\u011flar. \u0130\u015fte bah\u00e7eli prefabrik evler i\u00e7in baz\u0131 trend fikirler: Do\u011fal Malzemelerle B\u00fct\u00fcnle\u015fme:&nbsp;Ah\u015fap d\u0131\u015f cephe kaplamalar\u0131, do\u011fal ta\u015f detaylar\u0131 ve cam kullan\u0131m\u0131, evinizi do\u011fan\u0131n&hellip; <\/p><\/div>\n\n\n<hr class=\"wp-block-separator has-css-opacity\"\/>\n\n\n<div class=\"wp-block-post-date\"><time datetime=\"2024-05-28T12:53:00+00:00\">May\u0131s 28, 2024<\/time><\/div>\n<\/li><li class=\"wp-block-post post-195 post type-post status-publish format-standard hentry category-uncategorized\">\n<h2 class=\"wp-block-post-title\"><a href=\"https:\/\/gokhanozbek.com\/?p=195\" target=\"_self\" >Mimarl\u0131k Ofisi A\u00e7mak \u0130steyenlerin Bilmesi Gereken 10 \u015eey!<\/a><\/h2>\n\n\n\n<div class=\"wp-block-post-excerpt\"><p class=\"wp-block-post-excerpt__excerpt\">Mimarl\u0131k ofisi a\u00e7mak, yarat\u0131c\u0131l\u0131k ve tasar\u0131m tutkusu kadar, i\u015fletme y\u00f6netimi ve stratejik planlama becerilerini de gerektirir. \u0130\u015fte mimarl\u0131k ofisi a\u00e7may\u0131 d\u00fc\u015f\u00fcnenler i\u00e7in bir rehber: 1. Temel Haz\u0131rl\u0131klar:&nbsp;Ofis mobilyalar\u0131, bilgisayarlar ve gerekli teknik ekipmanlar, ofisin i\u015flevsel ve profesyonel bir ortam sunmas\u0131n\u0131 sa\u011flar. 2. Yasal S\u00fcre\u00e7ler:&nbsp;G\u00fcvenilir bir muhasebeci ile \u00e7al\u0131\u015fmak, vergi ve yasal prosed\u00fcrler konusunda s\u0131k\u0131nt\u0131 ya\u015famaman\u0131z\u0131&hellip; <\/p><\/div>\n\n\n<hr class=\"wp-block-separator has-css-opacity\"\/>\n\n\n<div class=\"wp-block-post-date\"><time datetime=\"2024-05-28T12:52:47+00:00\">May\u0131s 28, 2024<\/time><\/div>\n<\/li><li class=\"wp-block-post post-197 post type-post status-publish format-standard hentry category-uncategorized\">\n<h2 class=\"wp-block-post-title\"><a href=\"https:\/\/gokhanozbek.com\/?p=197\" target=\"_self\" >Ev dekorasyonunda, parke se\u00e7imi<\/a><\/h2>\n\n\n\n<div class=\"wp-block-post-excerpt\"><p class=\"wp-block-post-excerpt__excerpt\">Ev dekorasyonunda, parke se\u00e7imi ger\u00e7ekten de i\u00e7 mekanlar\u0131n ruhunu yans\u0131tan \u00f6nemli bir detayd\u0131r. Parke, hem estetik hem de i\u015flevsel bir y\u00fczey malzemesi olarak evlerdeki konforun ve tarz\u0131n temel ta\u015flar\u0131ndan biridir. \u0130\u015fte parke se\u00e7iminde dikkat edilmesi gerekenler ve bu konuda baz\u0131 teknik bilgiler: Parke Se\u00e7imi ve Uyumun \u00d6nemi:&nbsp;Parke, evinizin genel dekorasyonuyla uyumlu olmal\u0131d\u0131r.&nbsp;Mutfak gibi nemli alanlar&hellip; <\/p><\/div>\n\n\n<hr class=\"wp-block-separator has-css-opacity\"\/>\n\n\n<div class=\"wp-block-post-date\"><time datetime=\"2024-05-28T12:52:37+00:00\">May\u0131s 28, 2024<\/time><\/div>\n<\/li><\/ul><\/div>\n\n\n\n<div class=\"wp-block-query alignfull is-layout-flow wp-block-query-is-layout-flow\">\n<div class=\"wp-block-group alignfull\" style=\"padding-top:var(--wp--preset--spacing--40);padding-right:var(--wp--preset--spacing--40);padding-bottom:var(--wp--preset--spacing--40);padding-left:var(--wp--preset--spacing--40)\"><div class=\"wp-block-group__inner-container is-layout-flow wp-block-group-is-layout-flow\"><ul style=\"text-transform:none;\" class=\"wp-block-post-template is-layout-flow wp-block-post-template-is-layout-flow\"><li class=\"wp-block-post post-192 post type-post status-publish format-standard hentry category-uncategorized\">\n\n<div class=\"wp-block-group is-content-justification-left\"><div class=\"wp-block-group__inner-container is-layout-constrained wp-container-core-group-is-layout-3 wp-block-group-is-layout-constrained\">\n<div class=\"wp-block-group is-vertical is-layout-flex wp-container-core-group-is-layout-2 wp-block-group-is-layout-flex\" style=\"padding-bottom:var(--wp--preset--spacing--80)\"><div style=\"margin-top:0;margin-right:0;margin-bottom:0;margin-left:0; font-size:0.9rem;letter-spacing:1px;\" class=\"has-text-align-left has-link-color has-text-color has-contrast-color wp-block-post-date wp-elements-5599b62b56904c5408ce764ba1a18b73\"><time datetime=\"2024-05-28T12:53:00+00:00\">5\/28\/2024<\/time><\/div>\n\n\n<div class=\"wp-block-group\" style=\"margin-top:0;margin-bottom:0\"><div class=\"wp-block-group__inner-container is-layout-constrained wp-block-group-is-layout-constrained\"><h2 style=\"font-size:4.6rem;font-style:normal;font-weight:600;line-height:1;\" class=\"has-link-color has-text-color has-contrast-color wp-block-post-title wp-elements-6c63676d444148112043a3d23d59cf70\"><a href=\"https:\/\/gokhanozbek.com\/?p=192\" target=\"_self\" >T\u00fcrkiye\u2019de En \u00c7ok Tercih Edilen Prefabrik Ev Modelleri Nelerdir?<\/a><\/h2>\n\n<div style=\"line-height:1.7;\" class=\"wp-block-post-excerpt has-small-font-size\"><p class=\"wp-block-post-excerpt__excerpt\">Bah\u00e7eli prefabrik evler Bah\u00e7eli prefabrik evler, do\u011fayla i\u00e7 i\u00e7e bir ya\u015fam arzulayanlar i\u00e7in m\u00fckemmel bir se\u00e7enektir. Bu evler, hem modern hem de do\u011fal bir estetik sunarak, sahiplerine huzurlu ve konforlu bir ortam sa\u011flar. \u0130\u015fte bah\u00e7eli prefabrik evler i\u00e7in baz\u0131 trend fikirler: Do\u011fal Malzemelerle B\u00fct\u00fcnle\u015fme:&nbsp;Ah\u015fap d\u0131\u015f cephe kaplamalar\u0131, do\u011fal ta\u015f detaylar\u0131 ve cam kullan\u0131m\u0131, evinizi do\u011fan\u0131n&hellip; <\/p><\/div><\/div><\/div>\n<\/div>\n<\/div><\/div>\n\n<\/li><li class=\"wp-block-post post-195 post type-post status-publish format-standard hentry category-uncategorized\">\n\n<div class=\"wp-block-group is-content-justification-left\"><div class=\"wp-block-group__inner-container is-layout-constrained wp-container-core-group-is-layout-6 wp-block-group-is-layout-constrained\">\n<div class=\"wp-block-group is-vertical is-layout-flex wp-container-core-group-is-layout-5 wp-block-group-is-layout-flex\" style=\"padding-bottom:var(--wp--preset--spacing--80)\"><div style=\"margin-top:0;margin-right:0;margin-bottom:0;margin-left:0; font-size:0.9rem;letter-spacing:1px;\" class=\"has-text-align-left has-link-color has-text-color has-contrast-color wp-block-post-date wp-elements-5599b62b56904c5408ce764ba1a18b73\"><time datetime=\"2024-05-28T12:52:47+00:00\">5\/28\/2024<\/time><\/div>\n\n\n<div class=\"wp-block-group\" style=\"margin-top:0;margin-bottom:0\"><div class=\"wp-block-group__inner-container is-layout-constrained wp-block-group-is-layout-constrained\"><h2 style=\"font-size:4.6rem;font-style:normal;font-weight:600;line-height:1;\" class=\"has-link-color has-text-color has-contrast-color wp-block-post-title wp-elements-6c63676d444148112043a3d23d59cf70\"><a href=\"https:\/\/gokhanozbek.com\/?p=195\" target=\"_self\" >Mimarl\u0131k Ofisi A\u00e7mak \u0130steyenlerin Bilmesi Gereken 10 \u015eey!<\/a><\/h2>\n\n<div style=\"line-height:1.7;\" class=\"wp-block-post-excerpt has-small-font-size\"><p class=\"wp-block-post-excerpt__excerpt\">Mimarl\u0131k ofisi a\u00e7mak, yarat\u0131c\u0131l\u0131k ve tasar\u0131m tutkusu kadar, i\u015fletme y\u00f6netimi ve stratejik planlama becerilerini de gerektirir. \u0130\u015fte mimarl\u0131k ofisi a\u00e7may\u0131 d\u00fc\u015f\u00fcnenler i\u00e7in bir rehber: 1. Temel Haz\u0131rl\u0131klar:&nbsp;Ofis mobilyalar\u0131, bilgisayarlar ve gerekli teknik ekipmanlar, ofisin i\u015flevsel ve profesyonel bir ortam sunmas\u0131n\u0131 sa\u011flar. 2. Yasal S\u00fcre\u00e7ler:&nbsp;G\u00fcvenilir bir muhasebeci ile \u00e7al\u0131\u015fmak, vergi ve yasal prosed\u00fcrler konusunda s\u0131k\u0131nt\u0131 ya\u015famaman\u0131z\u0131&hellip; <\/p><\/div><\/div><\/div>\n<\/div>\n<\/div><\/div>\n\n<\/li><li class=\"wp-block-post post-197 post type-post status-publish format-standard hentry category-uncategorized\">\n\n<div class=\"wp-block-group is-content-justification-left\"><div class=\"wp-block-group__inner-container is-layout-constrained wp-container-core-group-is-layout-9 wp-block-group-is-layout-constrained\">\n<div class=\"wp-block-group is-vertical is-layout-flex wp-container-core-group-is-layout-8 wp-block-group-is-layout-flex\" style=\"padding-bottom:var(--wp--preset--spacing--80)\"><div style=\"margin-top:0;margin-right:0;margin-bottom:0;margin-left:0; font-size:0.9rem;letter-spacing:1px;\" class=\"has-text-align-left has-link-color has-text-color has-contrast-color wp-block-post-date wp-elements-5599b62b56904c5408ce764ba1a18b73\"><time datetime=\"2024-05-28T12:52:37+00:00\">5\/28\/2024<\/time><\/div>\n\n\n<div class=\"wp-block-group\" style=\"margin-top:0;margin-bottom:0\"><div class=\"wp-block-group__inner-container is-layout-constrained wp-block-group-is-layout-constrained\"><h2 style=\"font-size:4.6rem;font-style:normal;font-weight:600;line-height:1;\" class=\"has-link-color has-text-color has-contrast-color wp-block-post-title wp-elements-6c63676d444148112043a3d23d59cf70\"><a href=\"https:\/\/gokhanozbek.com\/?p=197\" target=\"_self\" >Ev dekorasyonunda, parke se\u00e7imi<\/a><\/h2>\n\n<div style=\"line-height:1.7;\" class=\"wp-block-post-excerpt has-small-font-size\"><p class=\"wp-block-post-excerpt__excerpt\">Ev dekorasyonunda, parke se\u00e7imi ger\u00e7ekten de i\u00e7 mekanlar\u0131n ruhunu yans\u0131tan \u00f6nemli bir detayd\u0131r. Parke, hem estetik hem de i\u015flevsel bir y\u00fczey malzemesi olarak evlerdeki konforun ve tarz\u0131n temel ta\u015flar\u0131ndan biridir. \u0130\u015fte parke se\u00e7iminde dikkat edilmesi gerekenler ve bu konuda baz\u0131 teknik bilgiler: Parke Se\u00e7imi ve Uyumun \u00d6nemi:&nbsp;Parke, evinizin genel dekorasyonuyla uyumlu olmal\u0131d\u0131r.&nbsp;Mutfak gibi nemli alanlar&hellip; <\/p><\/div><\/div><\/div>\n<\/div>\n<\/div><\/div>\n\n<\/li><\/ul><\/div><\/div>\n\n\n\n<div class=\"wp-block-group is-content-justification-left\" style=\"margin-top:0;margin-bottom:0;padding-top:0;padding-right:var(--wp--preset--spacing--40);padding-bottom:var(--wp--preset--spacing--40);padding-left:var(--wp--preset--spacing--40)\"><div class=\"wp-block-group__inner-container is-layout-constrained wp-container-core-group-is-layout-11 wp-block-group-is-layout-constrained\"><nav class=\"wp-block-query-pagination is-content-justification-left is-nowrap is-layout-flex wp-container-core-query-pagination-is-layout-1 wp-block-query-pagination-is-layout-flex\" aria-label=\"Sayfalama\">\n\n\n<a href=\"\/index.php?rest_route=%2Fwp%2Fv2%2Fpages%2F161&#038;query-31-page=2\" style=\"font-size:0.9rem;text-transform:uppercase;letter-spacing:1px;\" class=\"wp-block-query-pagination-next wp-elements-165a8aa96a7546446f11c5f70728c230\">Sonraki sayfa<\/a>\n<\/nav><\/div><\/div>\n<\/div>\n\n\n\n\n  \n    <div class=\"row large-columns-2 medium-columns- small-columns-1 has-shadow row-box-shadow-2 row-box-shadow-1-hover\">\n  <div class=\"col post-item\" data-animate=\"fadeInUp\">\n\t\t\t<div class=\"col-inner\">\n\t\t\t<a href=\"https:\/\/gokhanozbek.com\/?p=192\" class=\"plain\">\n\t\t\t\t<div class=\"box box-normal box-text-bottom box-blog-post has-hover\">\n          \t\t\t\t\t<div class=\"box-text text-center\" >\n\t\t\t\t\t<div class=\"box-text-inner blog-post-inner\">\n\n\t\t\t\t\t\n\t\t\t\t\t\t\t\t\t\t<h5 class=\"post-title is-large \">T\u00fcrkiye\u2019de En \u00c7ok Tercih Edilen Prefabrik Ev Modelleri Nelerdir?<\/h5>\n\t\t\t\t\t<div class=\"post-meta is-small op-8\">May\u0131s 28, 2024<\/div>\t\t\t\t\t<div class=\"is-divider\"><\/div>\n\t\t\t\t\t\t\t\t\t\t<p class=\"from_the_blog_excerpt \">Bah\u00e7eli prefabrik evler Bah\u00e7eli prefabrik evler, do\u011fayla i\u00e7 i\u00e7e bir ya\u015fam arzulayanlar i\u00e7in m\u00fckemmel bir [...]\t\t\t\t\t<\/p>\n\t\t\t\t\t                    \n\t\t\t\t\t\n\t\t\t\t\t\n\t\t\t\t\t<\/div>\n\t\t\t\t\t<\/div>\n\t\t\t\t\t\t\t\t\t<\/div>\n\t\t\t\t<\/a>\n\t\t\t<\/div>\n\t\t<\/div><div class=\"col post-item\" data-animate=\"fadeInUp\">\n\t\t\t<div class=\"col-inner\">\n\t\t\t<a href=\"https:\/\/gokhanozbek.com\/?p=195\" class=\"plain\">\n\t\t\t\t<div class=\"box box-normal box-text-bottom box-blog-post has-hover\">\n          \t\t\t\t\t<div class=\"box-text text-center\" >\n\t\t\t\t\t<div class=\"box-text-inner blog-post-inner\">\n\n\t\t\t\t\t\n\t\t\t\t\t\t\t\t\t\t<h5 class=\"post-title is-large \">Mimarl\u0131k Ofisi A\u00e7mak \u0130steyenlerin Bilmesi Gereken 10 \u015eey!<\/h5>\n\t\t\t\t\t<div class=\"post-meta is-small op-8\">May\u0131s 28, 2024<\/div>\t\t\t\t\t<div class=\"is-divider\"><\/div>\n\t\t\t\t\t\t\t\t\t\t<p class=\"from_the_blog_excerpt \">Mimarl\u0131k ofisi a\u00e7mak, yarat\u0131c\u0131l\u0131k ve tasar\u0131m tutkusu kadar, i\u015fletme y\u00f6netimi ve stratejik planlama becerilerini de [...]\t\t\t\t\t<\/p>\n\t\t\t\t\t                    \n\t\t\t\t\t\n\t\t\t\t\t\n\t\t\t\t\t<\/div>\n\t\t\t\t\t<\/div>\n\t\t\t\t\t\t\t\t\t<\/div>\n\t\t\t\t<\/a>\n\t\t\t<\/div>\n\t\t<\/div><div class=\"col post-item\" data-animate=\"fadeInUp\">\n\t\t\t<div class=\"col-inner\">\n\t\t\t<a href=\"https:\/\/gokhanozbek.com\/?p=197\" class=\"plain\">\n\t\t\t\t<div class=\"box box-normal box-text-bottom box-blog-post has-hover\">\n          \t\t\t\t\t<div class=\"box-text text-center\" >\n\t\t\t\t\t<div class=\"box-text-inner blog-post-inner\">\n\n\t\t\t\t\t\n\t\t\t\t\t\t\t\t\t\t<h5 class=\"post-title is-large \">Ev dekorasyonunda, parke se\u00e7imi<\/h5>\n\t\t\t\t\t<div class=\"post-meta is-small op-8\">May\u0131s 28, 2024<\/div>\t\t\t\t\t<div class=\"is-divider\"><\/div>\n\t\t\t\t\t\t\t\t\t\t<p class=\"from_the_blog_excerpt \">Ev dekorasyonunda, parke se\u00e7imi ger\u00e7ekten de i\u00e7 mekanlar\u0131n ruhunu yans\u0131tan \u00f6nemli bir detayd\u0131r. Parke, hem [...]\t\t\t\t\t<\/p>\n\t\t\t\t\t                    \n\t\t\t\t\t\n\t\t\t\t\t\n\t\t\t\t\t<\/div>\n\t\t\t\t\t<\/div>\n\t\t\t\t\t\t\t\t\t<\/div>\n\t\t\t\t<\/a>\n\t\t\t<\/div>\n\t\t<\/div><div class=\"col post-item\" data-animate=\"fadeInUp\">\n\t\t\t<div class=\"col-inner\">\n\t\t\t<a href=\"https:\/\/gokhanozbek.com\/?p=199\" class=\"plain\">\n\t\t\t\t<div class=\"box box-normal box-text-bottom box-blog-post has-hover\">\n          \t\t\t\t\t<div class=\"box-text text-center\" >\n\t\t\t\t\t<div class=\"box-text-inner blog-post-inner\">\n\n\t\t\t\t\t\n\t\t\t\t\t\t\t\t\t\t<h5 class=\"post-title is-large \">AKILLI EVLER VE G\u00dcN\u00dcM\u00dcZ TEKNOLOJ\u0130S\u0130<\/h5>\n\t\t\t\t\t<div class=\"post-meta is-small op-8\">May\u0131s 28, 2024<\/div>\t\t\t\t\t<div class=\"is-divider\"><\/div>\n\t\t\t\t\t\t\t\t\t\t<p class=\"from_the_blog_excerpt \">Ak\u0131ll\u0131 evler, g\u00fcn\u00fcm\u00fczde teknolojinin sundu\u011fu konfor ve g\u00fcvenlik \u00f6zellikleriyle giderek daha fazla ilgi \u00e7ekiyor. \u0130\u015fte [...]\t\t\t\t\t<\/p>\n\t\t\t\t\t                    \n\t\t\t\t\t\n\t\t\t\t\t\n\t\t\t\t\t<\/div>\n\t\t\t\t\t<\/div>\n\t\t\t\t\t\t\t\t\t<\/div>\n\t\t\t\t<\/a>\n\t\t\t<\/div>\n\t\t<\/div><div class=\"col post-item\" data-animate=\"fadeInUp\">\n\t\t\t<div class=\"col-inner\">\n\t\t\t<a href=\"https:\/\/gokhanozbek.com\/?p=201\" class=\"plain\">\n\t\t\t\t<div class=\"box box-normal box-text-bottom box-blog-post has-hover\">\n          \t\t\t\t\t<div class=\"box-text text-center\" >\n\t\t\t\t\t<div class=\"box-text-inner blog-post-inner\">\n\n\t\t\t\t\t\n\t\t\t\t\t\t\t\t\t\t<h5 class=\"post-title is-large \">D\u00fcnyan\u0131n \u0130lk Mimari Yap\u0131s\u0131: G\u00f6bekli Tepe<\/h5>\n\t\t\t\t\t<div class=\"post-meta is-small op-8\">May\u0131s 28, 2024<\/div>\t\t\t\t\t<div class=\"is-divider\"><\/div>\n\t\t\t\t\t\t\t\t\t\t<p class=\"from_the_blog_excerpt \">G\u00f6bekli Tepe d\u00fcnyan\u0131n bilinen ilk mimari yap\u0131s\u0131 oldu\u011fu ve i\u00e7inde yine ilk tap\u0131na\u011f\u0131n bulundu\u011fu bir [...]\t\t\t\t\t<\/p>\n\t\t\t\t\t                    \n\t\t\t\t\t\n\t\t\t\t\t\n\t\t\t\t\t<\/div>\n\t\t\t\t\t<\/div>\n\t\t\t\t\t\t\t\t\t<\/div>\n\t\t\t\t<\/a>\n\t\t\t<\/div>\n\t\t<\/div><div class=\"col post-item\" data-animate=\"fadeInUp\">\n\t\t\t<div class=\"col-inner\">\n\t\t\t<a href=\"https:\/\/gokhanozbek.com\/?p=203\" class=\"plain\">\n\t\t\t\t<div class=\"box box-normal box-text-bottom box-blog-post has-hover\">\n          \t\t\t\t\t<div class=\"box-text text-center\" >\n\t\t\t\t\t<div class=\"box-text-inner blog-post-inner\">\n\n\t\t\t\t\t\n\t\t\t\t\t\t\t\t\t\t<h5 class=\"post-title is-large \">Sevginin Mimariye Yans\u0131malar\u0131 (Mimar Sinan)<\/h5>\n\t\t\t\t\t<div class=\"post-meta is-small op-8\">May\u0131s 28, 2024<\/div>\t\t\t\t\t<div class=\"is-divider\"><\/div>\n\t\t\t\t\t\t\t\t\t\t<p class=\"from_the_blog_excerpt \">Mimar Sinan\u2018\u0131n imzas\u0131n\u0131 ta\u015f\u0131yan \u00dcsk\u00fcdar ve Edirnekap\u0131\u2019daki Mihrimah Sultan K\u00fclliyeleri, hi\u00e7 a\u00e7\u0131\u011fa \u00e7\u0131kmayan platonik bir [...]\t\t\t\t\t<\/p>\n\t\t\t\t\t                    \n\t\t\t\t\t\n\t\t\t\t\t\n\t\t\t\t\t<\/div>\n\t\t\t\t\t<\/div>\n\t\t\t\t\t\t\t\t\t<\/div>\n\t\t\t\t<\/a>\n\t\t\t<\/div>\n\t\t<\/div><div class=\"col post-item\" data-animate=\"fadeInUp\">\n\t\t\t<div class=\"col-inner\">\n\t\t\t<a href=\"https:\/\/gokhanozbek.com\/?p=205\" class=\"plain\">\n\t\t\t\t<div class=\"box box-normal box-text-bottom box-blog-post has-hover\">\n          \t\t\t\t\t<div class=\"box-text text-center\" >\n\t\t\t\t\t<div class=\"box-text-inner blog-post-inner\">\n\n\t\t\t\t\t\n\t\t\t\t\t\t\t\t\t\t<h5 class=\"post-title is-large \">Bir Tasar\u0131m\u0131 G\u00fczel K\u0131lan \u015eeyler Nelerdir?<\/h5>\n\t\t\t\t\t<div class=\"post-meta is-small op-8\">May\u0131s 28, 2024<\/div>\t\t\t\t\t<div class=\"is-divider\"><\/div>\n\t\t\t\t\t\t\t\t\t\t<p class=\"from_the_blog_excerpt \">G\u00fczellik kavram\u0131 ki\u015fiden ki\u015fiye de\u011fi\u015fir, bu y\u00fczden \u201cneye g\u00f6re g\u00fczel?\u201d sorusu olduk\u00e7a anlaml\u0131d\u0131r. Kimi klasik [...]\t\t\t\t\t<\/p>\n\t\t\t\t\t                    \n\t\t\t\t\t\n\t\t\t\t\t\n\t\t\t\t\t<\/div>\n\t\t\t\t\t<\/div>\n\t\t\t\t\t\t\t\t\t<\/div>\n\t\t\t\t<\/a>\n\t\t\t<\/div>\n\t\t<\/div><div class=\"col post-item\" data-animate=\"fadeInUp\">\n\t\t\t<div class=\"col-inner\">\n\t\t\t<a href=\"https:\/\/gokhanozbek.com\/?p=207\" class=\"plain\">\n\t\t\t\t<div class=\"box box-normal box-text-bottom box-blog-post has-hover\">\n          \t\t\t\t\t<div class=\"box-text text-center\" >\n\t\t\t\t\t<div class=\"box-text-inner blog-post-inner\">\n\n\t\t\t\t\t\n\t\t\t\t\t\t\t\t\t\t<h5 class=\"post-title is-large \">\u00c7izim Yapmak Yetenek \u0130\u015fi midir? Sab\u0131r \u0130\u015fi mi?<\/h5>\n\t\t\t\t\t<div class=\"post-meta is-small op-8\">May\u0131s 28, 2024<\/div>\t\t\t\t\t<div class=\"is-divider\"><\/div>\n\t\t\t\t\t\t\t\t\t\t<p class=\"from_the_blog_excerpt \">\u00c7izim yapmak kimilerine g\u00f6re yetenek i\u015fi , kimilerine g\u00f6re de b\u00fcy\u00fck bir sab\u0131r..Ancak \u0130spanyol Sanatc\u0131 [...]\t\t\t\t\t<\/p>\n\t\t\t\t\t                    \n\t\t\t\t\t\n\t\t\t\t\t\n\t\t\t\t\t<\/div>\n\t\t\t\t\t<\/div>\n\t\t\t\t\t\t\t\t\t<\/div>\n\t\t\t\t<\/a>\n\t\t\t<\/div>\n\t\t<\/div><div class=\"col post-item\" data-animate=\"fadeInUp\">\n\t\t\t<div class=\"col-inner\">\n\t\t\t<a href=\"https:\/\/gokhanozbek.com\/?p=171\" class=\"plain\">\n\t\t\t\t<div class=\"box box-normal box-text-bottom box-blog-post has-hover\">\n            \t\t\t\t\t<div class=\"box-image\" >\n  \t\t\t\t\t\t<div class=\"image-cover\" style=\"padding-top:180px;\">\n  \t\t\t\t\t\t\t<img loading=\"lazy\" decoding=\"async\" width=\"300\" height=\"163\" src=\"https:\/\/gokhanozbek.com\/wp-content\/uploads\/2024\/05\/Aydinlatmalarda-Sicaklik-Birimi-Kelvin-Nedir-300x163.webp\" class=\"attachment-medium size-medium wp-post-image\" alt=\"\" srcset=\"https:\/\/gokhanozbek.com\/wp-content\/uploads\/2024\/05\/Aydinlatmalarda-Sicaklik-Birimi-Kelvin-Nedir-300x163.webp 300w, https:\/\/gokhanozbek.com\/wp-content\/uploads\/2024\/05\/Aydinlatmalarda-Sicaklik-Birimi-Kelvin-Nedir-768x416.webp 768w, https:\/\/gokhanozbek.com\/wp-content\/uploads\/2024\/05\/Aydinlatmalarda-Sicaklik-Birimi-Kelvin-Nedir-500x271.webp 500w, https:\/\/gokhanozbek.com\/wp-content\/uploads\/2024\/05\/Aydinlatmalarda-Sicaklik-Birimi-Kelvin-Nedir-800x433.webp 800w, https:\/\/gokhanozbek.com\/wp-content\/uploads\/2024\/05\/Aydinlatmalarda-Sicaklik-Birimi-Kelvin-Nedir.webp 849w\" sizes=\"(max-width: 300px) 100vw, 300px\" \/>  \t\t\t\t\t\t\t  \t\t\t\t\t\t\t  \t\t\t\t\t\t<\/div>\n  \t\t\t\t\t\t  \t\t\t\t\t<\/div>\n          \t\t\t\t\t<div class=\"box-text text-center\" >\n\t\t\t\t\t<div class=\"box-text-inner blog-post-inner\">\n\n\t\t\t\t\t\n\t\t\t\t\t\t\t\t\t\t<h5 class=\"post-title is-large \">Ayd\u0131nlatmalarda S\u0131cakl\u0131k Birimi Kelvin Nedir?<\/h5>\n\t\t\t\t\t\t\t\t\t\t<div class=\"is-divider\"><\/div>\n\t\t\t\t\t\t\t\t\t\t<p class=\"from_the_blog_excerpt \">Ayd\u0131nlatma tasar\u0131m\u0131nda Kelvin s\u0131cakl\u0131k birimi, \u0131\u015f\u0131k rengini ve tonunu tan\u0131mlamak i\u00e7in kullan\u0131l\u0131r. Uluslararas\u0131 olarak Kelvin [...]\t\t\t\t\t<\/p>\n\t\t\t\t\t                    \n\t\t\t\t\t\n\t\t\t\t\t\n\t\t\t\t\t<\/div>\n\t\t\t\t\t<\/div>\n\t\t\t\t\t\t\t\t\t\t\t\t\t\t\t\t<div class=\"badge absolute top post-date badge-outline\">\n\t\t\t\t\t\t\t<div class=\"badge-inner\">\n\t\t\t\t\t\t\t\t<span class=\"post-date-day\">22<\/span><br>\n\t\t\t\t\t\t\t\t<span class=\"post-date-month is-xsmall\">May<\/span>\n\t\t\t\t\t\t\t<\/div>\n\t\t\t\t\t\t<\/div>\n\t\t\t\t\t\t\t\t\t<\/div>\n\t\t\t\t<\/a>\n\t\t\t<\/div>\n\t\t<\/div><div class=\"col post-item\" data-animate=\"fadeInUp\">\n\t\t\t<div class=\"col-inner\">\n\t\t\t<a href=\"https:\/\/gokhanozbek.com\/?p=169\" class=\"plain\">\n\t\t\t\t<div class=\"box box-normal box-text-bottom box-blog-post has-hover\">\n          \t\t\t\t\t<div class=\"box-text text-center\" >\n\t\t\t\t\t<div class=\"box-text-inner blog-post-inner\">\n\n\t\t\t\t\t\n\t\t\t\t\t\t\t\t\t\t<h5 class=\"post-title is-large \">Dijitalle\u015fen Hayatlarda Mimarinin Yeri<\/h5>\n\t\t\t\t\t<div class=\"post-meta is-small op-8\">May\u0131s 22, 2024<\/div>\t\t\t\t\t<div class=\"is-divider\"><\/div>\n\t\t\t\t\t\t\t\t\t\t<p class=\"from_the_blog_excerpt \">Dijitalle\u015fme, g\u00fcn\u00fcm\u00fczde \u015fehirlerin gelece\u011fini \u015fekillendiren \u00f6nemli bir fakt\u00f6rd\u00fcr.\u00a0Ak\u0131ll\u0131 \u015fehirler (ya da ak\u0131ll\u0131 kentler), \u00e7evreye uyumlu [...]\t\t\t\t\t<\/p>\n\t\t\t\t\t                    \n\t\t\t\t\t\n\t\t\t\t\t\n\t\t\t\t\t<\/div>\n\t\t\t\t\t<\/div>\n\t\t\t\t\t\t\t\t\t<\/div>\n\t\t\t\t<\/a>\n\t\t\t<\/div>\n\t\t<\/div><\/div>\n\n\n","protected":false},"excerpt":{"rendered":"","protected":false},"author":1,"featured_media":0,"parent":0,"menu_order":0,"comment_status":"closed","ping_status":"closed","template":"","meta":{"ghostkit_customizer_options":"","ghostkit_custom_css":"","ghostkit_custom_js_head":"","ghostkit_custom_js_foot":"","ghostkit_typography":"","footnotes":""},"_links":{"self":[{"href":"https:\/\/gokhanozbek.com\/index.php?rest_route=\/wp\/v2\/pages\/161"}],"collection":[{"href":"https:\/\/gokhanozbek.com\/index.php?rest_route=\/wp\/v2\/pages"}],"about":[{"href":"https:\/\/gokhanozbek.com\/index.php?rest_route=\/wp\/v2\/types\/page"}],"author":[{"embeddable":true,"href":"https:\/\/gokhanozbek.com\/index.php?rest_route=\/wp\/v2\/users\/1"}],"replies":[{"embeddable":true,"href":"https:\/\/gokhanozbek.com\/index.php?rest_route=%2Fwp%2Fv2%2Fcomments&post=161"}],"version-history":[{"count":5,"href":"https:\/\/gokhanozbek.com\/index.php?rest_route=\/wp\/v2\/pages\/161\/revisions"}],"predecessor-version":[{"id":209,"href":"https:\/\/gokhanozbek.com\/index.php?rest_route=\/wp\/v2\/pages\/161\/revisions\/209"}],"wp:attachment":[{"href":"https:\/\/gokhanozbek.com\/index.php?rest_route=%2Fwp%2Fv2%2Fmedia&parent=161"}],"curies":[{"name":"wp","href":"https:\/\/api.w.org\/{rel}","templated":true}]}}